{"id":109,"date":"2023-09-05T11:57:59","date_gmt":"2023-09-05T11:57:59","guid":{"rendered":"https:\/\/www.bewegung-und-gesundheit.local\/?page_id=109"},"modified":"2023-09-05T15:11:32","modified_gmt":"2023-09-05T15:11:32","slug":"fonds-en-faveur-de-la-formation-professionnelle-en-professions-du-mouvement-suisse","status":"publish","type":"page","link":"https:\/\/www.bewegung-und-gesundheit.ch\/fr\/fonds-en-faveur-de-la-formation-professionnelle-en-professions-du-mouvement-suisse\/","title":{"rendered":"Fonds en faveur de la formation professionnelle en Professions du mouvement Suisse"},"content":{"rendered":"\n<h1 class=\"wp-block-heading\"><strong>Force obligatoire g\u00e9n\u00e9rale<\/strong><\/h1>\n\n\n\n<p>Par un arr\u00eat\u00e9 du 22 ao\u00fbt 2018, le Conseil f\u00e9d\u00e9ral a d\u00e9clar\u00e9 de force obligatoire g\u00e9n\u00e9rale, \u00e0 compter du 1<sup>er<\/sup>&nbsp;octobre 2018, une r\u00e9vision du fonds en faveur de la formation professionnelle en professions du mouvement Suisse.<\/p>\n\n\n\n<p><a href=\"https:\/\/www.bewegung-und-gesundheit.ch\/files\/pdf\/Bildungsfonds\/bbf_bug_bbl_2018_5603_f_br_beschluss.pdf\">Arr\u00eat\u00e9 du Conseil f\u00e9d\u00e9ral (fichier PDF)<\/a><\/p>\n\n\n\n<p><a href=\"https:\/\/www.bewegung-und-gesundheit.ch\/files\/pdf\/Bildungsfonds\/bbf_bug_shab_180925_f.pdf\">Publication dans la Feuille officielle suisse du commerce (fichier PDF)<\/a><\/p>\n\n\n\n<p><a href=\"https:\/\/www.bewegung-und-gesundheit.ch\/files\/pdf\/Bildungsfonds\/bbf_bug_shab_180925_f_anhang.pdf\">Annexe \u00e0 la publication (fichier PDF)<\/a><\/p>\n\n\n\n<p><strong>R\u00e8glement du 18 janvier 2017<\/strong><\/p>\n\n\n\n<p><a href=\"https:\/\/www.bewegung-und-gesundheit.ch\/files\/pdf\/Bildungsfonds\/bbf_bug_shab_180925_f_anhang.pdf\">R\u00e8glement sur le fonds en faveur de la formation professionnelle en professions du mouvement Suisse (fichier PDF)<\/a><\/p>\n","protected":false},"excerpt":{"rendered":"<p>Force obligatoire g\u00e9n\u00e9rale Par un arr\u00eat\u00e9 du 22 ao\u00fbt 2018, le Conseil f\u00e9d\u00e9ral a d\u00e9clar\u00e9 de force obligatoire g\u00e9n\u00e9rale, \u00e0 compter du 1er&nbsp;octobre 2018, une r\u00e9vision du fonds en faveur de la formation professionnelle en professions du mouvement Suisse. Arr\u00eat\u00e9 du Conseil f\u00e9d\u00e9ral (fichier PDF) Publication dans la Feuille officielle suisse du commerce (fichier PDF) <a href=\"https:\/\/www.bewegung-und-gesundheit.ch\/fr\/fonds-en-faveur-de-la-formation-professionnelle-en-professions-du-mouvement-suisse\/\" class=\"more-link\">&#8230;<span class=\"screen-reader-text\">  Fonds en faveur de la formation professionnelle en Professions du mouvement Suisse<\/span><\/a><\/p>\n","protected":false},"author":1,"featured_media":0,"parent":0,"menu_order":0,"comment_status":"closed","ping_status":"closed","template":"","meta":{"footnotes":""},"class_list":["post-109","page","type-page","status-publish","hentry"],"_links":{"self":[{"href":"https:\/\/www.bewegung-und-gesundheit.ch\/fr\/wp-json\/wp\/v2\/pages\/109","targetHints":{"allow":["GET"]}}],"collection":[{"href":"https:\/\/www.bewegung-und-gesundheit.ch\/fr\/wp-json\/wp\/v2\/pages"}],"about":[{"href":"https:\/\/www.bewegung-und-gesundheit.ch\/fr\/wp-json\/wp\/v2\/types\/page"}],"author":[{"embeddable":true,"href":"https:\/\/www.bewegung-und-gesundheit.ch\/fr\/wp-json\/wp\/v2\/users\/1"}],"replies":[{"embeddable":true,"href":"https:\/\/www.bewegung-und-gesundheit.ch\/fr\/wp-json\/wp\/v2\/comments?post=109"}],"version-history":[{"count":1,"href":"https:\/\/www.bewegung-und-gesundheit.ch\/fr\/wp-json\/wp\/v2\/pages\/109\/revisions"}],"predecessor-version":[{"id":110,"href":"https:\/\/www.bewegung-und-gesundheit.ch\/fr\/wp-json\/wp\/v2\/pages\/109\/revisions\/110"}],"wp:attachment":[{"href":"https:\/\/www.bewegung-und-gesundheit.ch\/fr\/wp-json\/wp\/v2\/media?parent=109"}],"curies":[{"name":"wp","href":"https:\/\/api.w.org\/{rel}","templated":true}]}}