{"id":117,"date":"2023-09-05T14:39:51","date_gmt":"2023-09-05T14:39:51","guid":{"rendered":"https:\/\/www.bewegung-und-gesundheit.local\/?page_id=117"},"modified":"2024-12-12T09:18:34","modified_gmt":"2024-12-12T09:18:34","slug":"comite-de-direction","status":"publish","type":"page","link":"https:\/\/www.bewegung-und-gesundheit.ch\/fr\/federation\/comite-de-direction\/","title":{"rendered":"Comit\u00e9 de direction"},"content":{"rendered":"\n<h1 class=\"wp-block-heading\">Comit\u00e9 de direction<\/h1>\n\n\n\n<p><strong>Co-Pr\u00e9sident<\/strong><br>Irene Berger, BGB <br>et <br>Urs R\u00fcegsegger, SFGV<\/p>\n\n\n\n<p><strong>Comit\u00e9<\/strong><br>Susanne Gysi-Arrenbrecht, BGB<br>Cyrill L\u00fcthi, SVBO<br>Roland Steiner, SFGV<br>Claude Ammann, SFGV<br>Marcus Schwedhelm, swiss active<br>Roland Steiner, Directeur du secr\u00e9tariat, pr\u00e9sident de la commission D\u00e9veloppement professionnel &amp; qualit\u00e9<br>Andr\u00e9 Tummer, Pr\u00e4sident QSK Fachausweis und Diplom<br>Pr\u00e9sident CAQ brevet et dipl\u00f4me<\/p>\n\n\n\n<p>Situation au 5 juin 2024<\/p>\n","protected":false},"excerpt":{"rendered":"<p>Comit\u00e9 de direction Co-Pr\u00e9sidentIrene Berger, BGB et Urs R\u00fcegsegger, SFGV Comit\u00e9Susanne Gysi-Arrenbrecht, BGBCyrill L\u00fcthi, SVBORoland Steiner, SFGVClaude Ammann, SFGVMarcus Schwedhelm, swiss activeRoland Steiner, Directeur du secr\u00e9tariat, pr\u00e9sident de la commission D\u00e9veloppement professionnel &amp; qualit\u00e9Andr\u00e9 Tummer, Pr\u00e4sident QSK Fachausweis und DiplomPr\u00e9sident CAQ brevet et dipl\u00f4me Situation au 5 juin 2024<\/p>\n","protected":false},"author":1,"featured_media":0,"parent":113,"menu_order":0,"comment_status":"closed","ping_status":"closed","template":"","meta":{"footnotes":""},"class_list":["post-117","page","type-page","status-publish","hentry"],"_links":{"self":[{"href":"https:\/\/www.bewegung-und-gesundheit.ch\/fr\/wp-json\/wp\/v2\/pages\/117","targetHints":{"allow":["GET"]}}],"collection":[{"href":"https:\/\/www.bewegung-und-gesundheit.ch\/fr\/wp-json\/wp\/v2\/pages"}],"about":[{"href":"https:\/\/www.bewegung-und-gesundheit.ch\/fr\/wp-json\/wp\/v2\/types\/page"}],"author":[{"embeddable":true,"href":"https:\/\/www.bewegung-und-gesundheit.ch\/fr\/wp-json\/wp\/v2\/users\/1"}],"replies":[{"embeddable":true,"href":"https:\/\/www.bewegung-und-gesundheit.ch\/fr\/wp-json\/wp\/v2\/comments?post=117"}],"version-history":[{"count":1,"href":"https:\/\/www.bewegung-und-gesundheit.ch\/fr\/wp-json\/wp\/v2\/pages\/117\/revisions"}],"predecessor-version":[{"id":347,"href":"https:\/\/www.bewegung-und-gesundheit.ch\/fr\/wp-json\/wp\/v2\/pages\/117\/revisions\/347"}],"up":[{"embeddable":true,"href":"https:\/\/www.bewegung-und-gesundheit.ch\/fr\/wp-json\/wp\/v2\/pages\/113"}],"wp:attachment":[{"href":"https:\/\/www.bewegung-und-gesundheit.ch\/fr\/wp-json\/wp\/v2\/media?parent=117"}],"curies":[{"name":"wp","href":"https:\/\/api.w.org\/{rel}","templated":true}]}}