{"id":119,"date":"2023-09-05T14:40:11","date_gmt":"2023-09-05T14:40:11","guid":{"rendered":"https:\/\/www.bewegung-und-gesundheit.local\/?page_id=119"},"modified":"2023-09-05T15:16:27","modified_gmt":"2023-09-05T15:16:27","slug":"secretariat","status":"publish","type":"page","link":"https:\/\/www.bewegung-und-gesundheit.ch\/fr\/federation\/secretariat\/","title":{"rendered":"Secr\u00e9tariat"},"content":{"rendered":"\n<h1 class=\"wp-block-heading\">Secr\u00e9tariat<\/h1>\n\n\n\n<p>OdA Bewegung und Gesundheit \/&nbsp; ?OrTra Activit\u00e9 physique et sant\u00e9<br>Dachverband der Bewegungsberufe Schweiz<br>Gesch\u00e4ftsstelle &#8211; 3000 Bern<\/p>\n\n\n\n<p>Telefon 0848 000 423<br>Fax 0848 000 424<\/p>\n\n\n\n<p><br>Chef de l\u00b4apprentissage&nbsp; Assistante\/Assistant en promotion<\/p>\n\n\n\n<p>de l\u00b4activit\u00e9 physique de la sant\u00e9 CFC<\/p>\n\n\n\n<p>Roland Steiner, chef du bureau,<br><a href=\"mailto:info@bewegung-und-gesundheit.ch\">info@bewegung-und-gesundheit.ch<\/a><\/p>\n","protected":false},"excerpt":{"rendered":"<p>Secr\u00e9tariat OdA Bewegung und Gesundheit \/&nbsp; ?OrTra Activit\u00e9 physique et sant\u00e9Dachverband der Bewegungsberufe SchweizGesch\u00e4ftsstelle &#8211; 3000 Bern Telefon 0848 000 423Fax 0848 000 424 Chef de l\u00b4apprentissage&nbsp; Assistante\/Assistant en promotion de l\u00b4activit\u00e9 physique de la sant\u00e9 CFC Roland Steiner, chef du bureau,info@bewegung-und-gesundheit.ch<\/p>\n","protected":false},"author":1,"featured_media":0,"parent":113,"menu_order":0,"comment_status":"closed","ping_status":"closed","template":"","meta":{"footnotes":""},"class_list":["post-119","page","type-page","status-publish","hentry"],"_links":{"self":[{"href":"https:\/\/www.bewegung-und-gesundheit.ch\/fr\/wp-json\/wp\/v2\/pages\/119","targetHints":{"allow":["GET"]}}],"collection":[{"href":"https:\/\/www.bewegung-und-gesundheit.ch\/fr\/wp-json\/wp\/v2\/pages"}],"about":[{"href":"https:\/\/www.bewegung-und-gesundheit.ch\/fr\/wp-json\/wp\/v2\/types\/page"}],"author":[{"embeddable":true,"href":"https:\/\/www.bewegung-und-gesundheit.ch\/fr\/wp-json\/wp\/v2\/users\/1"}],"replies":[{"embeddable":true,"href":"https:\/\/www.bewegung-und-gesundheit.ch\/fr\/wp-json\/wp\/v2\/comments?post=119"}],"version-history":[{"count":1,"href":"https:\/\/www.bewegung-und-gesundheit.ch\/fr\/wp-json\/wp\/v2\/pages\/119\/revisions"}],"predecessor-version":[{"id":120,"href":"https:\/\/www.bewegung-und-gesundheit.ch\/fr\/wp-json\/wp\/v2\/pages\/119\/revisions\/120"}],"up":[{"embeddable":true,"href":"https:\/\/www.bewegung-und-gesundheit.ch\/fr\/wp-json\/wp\/v2\/pages\/113"}],"wp:attachment":[{"href":"https:\/\/www.bewegung-und-gesundheit.ch\/fr\/wp-json\/wp\/v2\/media?parent=119"}],"curies":[{"name":"wp","href":"https:\/\/api.w.org\/{rel}","templated":true}]}}