{"id":123,"date":"2023-09-05T14:42:10","date_gmt":"2023-09-05T14:42:10","guid":{"rendered":"https:\/\/www.bewegung-und-gesundheit.local\/?page_id=123"},"modified":"2024-06-27T06:55:21","modified_gmt":"2024-06-27T06:55:21","slug":"cfc","status":"publish","type":"page","link":"https:\/\/www.bewegung-und-gesundheit.ch\/fr\/formation\/cfc\/","title":{"rendered":"CFC"},"content":{"rendered":"\n<h1 class=\"wp-block-heading\">CFC<\/h1>\n\n\n\n<p><strong>Recherche d`une place d`apprentissage:<\/strong><br>Il existe deux possibilit\u00e9s:<br>Vous consultez le site: www.orientation.ch ou vous vous adressez directement \u00e0 un centre fitness pr\u00e8s de vous.<\/p>\n\n\n\n<p>Il n`existe aucune liste.<\/p>\n\n\n\n<p><a href=\"https:\/\/www.bewegung-und-gesundheit.ch\/files\/pdf\/EFZ\/bipl_fachleute_bew_u_ges_f_franzsoesisch.pdf\" target=\"_blank\" rel=\"noreferrer noopener\">PLAN DE FORMATION 2019<\/a><\/p>\n","protected":false},"excerpt":{"rendered":"<p>CFC Recherche d`une place d`apprentissage:Il existe deux possibilit\u00e9s:Vous consultez le site: www.orientation.ch ou vous vous adressez directement \u00e0 un centre fitness pr\u00e8s de vous. Il n`existe aucune liste. PLAN DE FORMATION 2019<\/p>\n","protected":false},"author":1,"featured_media":0,"parent":121,"menu_order":0,"comment_status":"closed","ping_status":"closed","template":"","meta":{"footnotes":""},"class_list":["post-123","page","type-page","status-publish","hentry"],"_links":{"self":[{"href":"https:\/\/www.bewegung-und-gesundheit.ch\/fr\/wp-json\/wp\/v2\/pages\/123","targetHints":{"allow":["GET"]}}],"collection":[{"href":"https:\/\/www.bewegung-und-gesundheit.ch\/fr\/wp-json\/wp\/v2\/pages"}],"about":[{"href":"https:\/\/www.bewegung-und-gesundheit.ch\/fr\/wp-json\/wp\/v2\/types\/page"}],"author":[{"embeddable":true,"href":"https:\/\/www.bewegung-und-gesundheit.ch\/fr\/wp-json\/wp\/v2\/users\/1"}],"replies":[{"embeddable":true,"href":"https:\/\/www.bewegung-und-gesundheit.ch\/fr\/wp-json\/wp\/v2\/comments?post=123"}],"version-history":[{"count":2,"href":"https:\/\/www.bewegung-und-gesundheit.ch\/fr\/wp-json\/wp\/v2\/pages\/123\/revisions"}],"predecessor-version":[{"id":322,"href":"https:\/\/www.bewegung-und-gesundheit.ch\/fr\/wp-json\/wp\/v2\/pages\/123\/revisions\/322"}],"up":[{"embeddable":true,"href":"https:\/\/www.bewegung-und-gesundheit.ch\/fr\/wp-json\/wp\/v2\/pages\/121"}],"wp:attachment":[{"href":"https:\/\/www.bewegung-und-gesundheit.ch\/fr\/wp-json\/wp\/v2\/media?parent=123"}],"curies":[{"name":"wp","href":"https:\/\/api.w.org\/{rel}","templated":true}]}}