{"id":127,"date":"2023-09-05T14:54:36","date_gmt":"2023-09-05T14:54:36","guid":{"rendered":"https:\/\/www.bewegung-und-gesundheit.local\/?page_id=127"},"modified":"2025-09-10T07:21:19","modified_gmt":"2025-09-10T07:21:19","slug":"journee-dinformation-pour-formateurs","status":"publish","type":"page","link":"https:\/\/www.bewegung-und-gesundheit.ch\/fr\/formation\/cfc\/journee-dinformation-pour-formateurs\/","title":{"rendered":"Journ\u00e9e d`information pour formateurs"},"content":{"rendered":"\n<h1 class=\"wp-block-heading\">Journ\u00e9e d`information pour formateurs<\/h1>\n\n\n\n<p>Obligatoire pour tous les formateurs professionnels:<\/p>\n\n\n\n<p><strong>Mercredi, 17 septembre 2025<\/strong> (de 8h30 \u00e0 12h00 maximum)<br>Centre professionnel du Littoral neuch\u00e2telois (CPLN),<br>Salle A 003<br>rez-de chauss\u00e9e du b\u00e2timent A<br>Maladi\u00e8re 84<br>Neuch\u00e2tel<\/p>\n","protected":false},"excerpt":{"rendered":"<p>Journ\u00e9e d`information pour formateurs Obligatoire pour tous les formateurs professionnels: Mercredi, 17 septembre 2025 (de 8h30 \u00e0 12h00 maximum)Centre professionnel du Littoral neuch\u00e2telois (CPLN),Salle A 003rez-de chauss\u00e9e du b\u00e2timent AMaladi\u00e8re 84Neuch\u00e2tel<\/p>\n","protected":false},"author":1,"featured_media":0,"parent":123,"menu_order":0,"comment_status":"closed","ping_status":"closed","template":"","meta":{"footnotes":""},"class_list":["post-127","page","type-page","status-publish","hentry"],"_links":{"self":[{"href":"https:\/\/www.bewegung-und-gesundheit.ch\/fr\/wp-json\/wp\/v2\/pages\/127","targetHints":{"allow":["GET"]}}],"collection":[{"href":"https:\/\/www.bewegung-und-gesundheit.ch\/fr\/wp-json\/wp\/v2\/pages"}],"about":[{"href":"https:\/\/www.bewegung-und-gesundheit.ch\/fr\/wp-json\/wp\/v2\/types\/page"}],"author":[{"embeddable":true,"href":"https:\/\/www.bewegung-und-gesundheit.ch\/fr\/wp-json\/wp\/v2\/users\/1"}],"replies":[{"embeddable":true,"href":"https:\/\/www.bewegung-und-gesundheit.ch\/fr\/wp-json\/wp\/v2\/comments?post=127"}],"version-history":[{"count":1,"href":"https:\/\/www.bewegung-und-gesundheit.ch\/fr\/wp-json\/wp\/v2\/pages\/127\/revisions"}],"predecessor-version":[{"id":405,"href":"https:\/\/www.bewegung-und-gesundheit.ch\/fr\/wp-json\/wp\/v2\/pages\/127\/revisions\/405"}],"up":[{"embeddable":true,"href":"https:\/\/www.bewegung-und-gesundheit.ch\/fr\/wp-json\/wp\/v2\/pages\/123"}],"wp:attachment":[{"href":"https:\/\/www.bewegung-und-gesundheit.ch\/fr\/wp-json\/wp\/v2\/media?parent=127"}],"curies":[{"name":"wp","href":"https:\/\/api.w.org\/{rel}","templated":true}]}}