{"id":129,"date":"2023-09-05T14:55:09","date_gmt":"2023-09-05T14:55:09","guid":{"rendered":"https:\/\/www.bewegung-und-gesundheit.local\/?page_id=129"},"modified":"2023-09-05T15:26:02","modified_gmt":"2023-09-05T15:26:02","slug":"secretariat-et-ecole-professionnelle","status":"publish","type":"page","link":"https:\/\/www.bewegung-und-gesundheit.ch\/fr\/formation\/cfc\/secretariat-et-ecole-professionnelle\/","title":{"rendered":"Secr\u00e9tariat et \u00e9cole professionnelle"},"content":{"rendered":"\n<h1 class=\"wp-block-heading\">Secr\u00e9tariat et \u00e9cole professionnelle<\/h1>\n\n\n\n<p>OdA Bewegung und Gesundheit<br>Dachverband der Bewegungsberufe Schweiz<br>Gesch\u00e4ftsstelle &#8211; 3000 Bern<br>Telefon 0848 000 423<br>Fax 0848 000 424<\/p>\n\n\n\n<p>info@bewegung-und-gesundheit.ch<\/p>\n\n\n\n<p><strong>Chef de l`apprentissage Assistante\/Assistant en promotionde l`activit\u00e9 physique de la sant\u00e9 CFC:<\/strong><br>&#8211; Roland Steiner, chef du bureau, info@bewegung-und-gesundheit.ch<\/p>\n\n\n\n<p><strong>Responsable cours interentreprises et d`autres questions concernant la formation:<\/strong><br>&#8211; Alain Amherd, a.amherd@sfgv.ch<\/p>\n\n\n\n<p><strong>Responsable d\u00e9lai TPE, STA, Attestation de le\u00e7on suivies et donn\u00e9es:<\/strong><br>&#8211; Alain Amherd, a.amherd@sfgv.ch<br><br><strong>Lieu de l`\u00e9cole et inscription:<\/strong><br>Centre professionnel du Littoral neuch\u00e2telois (CPLN),<br>Rue de la Maladi\u00e8re 84,<br>Neuch\u00e2tel, 032 717 40 20<\/p>\n\n\n\n<p>Information et inscription: www.cpln.ch<\/p>\n","protected":false},"excerpt":{"rendered":"<p>Secr\u00e9tariat et \u00e9cole professionnelle OdA Bewegung und GesundheitDachverband der Bewegungsberufe SchweizGesch\u00e4ftsstelle &#8211; 3000 BernTelefon 0848 000 423Fax 0848 000 424 info@bewegung-und-gesundheit.ch Chef de l`apprentissage Assistante\/Assistant en promotionde l`activit\u00e9 physique de la sant\u00e9 CFC:&#8211; Roland Steiner, chef du bureau, info@bewegung-und-gesundheit.ch Responsable cours interentreprises et d`autres questions concernant la formation:&#8211; Alain Amherd, a.amherd@sfgv.ch Responsable d\u00e9lai TPE, STA, <a href=\"https:\/\/www.bewegung-und-gesundheit.ch\/fr\/formation\/cfc\/secretariat-et-ecole-professionnelle\/\" class=\"more-link\">&#8230;<span class=\"screen-reader-text\">  Secr\u00e9tariat et \u00e9cole professionnelle<\/span><\/a><\/p>\n","protected":false},"author":1,"featured_media":0,"parent":123,"menu_order":0,"comment_status":"closed","ping_status":"closed","template":"","meta":{"footnotes":""},"class_list":["post-129","page","type-page","status-publish","hentry"],"_links":{"self":[{"href":"https:\/\/www.bewegung-und-gesundheit.ch\/fr\/wp-json\/wp\/v2\/pages\/129","targetHints":{"allow":["GET"]}}],"collection":[{"href":"https:\/\/www.bewegung-und-gesundheit.ch\/fr\/wp-json\/wp\/v2\/pages"}],"about":[{"href":"https:\/\/www.bewegung-und-gesundheit.ch\/fr\/wp-json\/wp\/v2\/types\/page"}],"author":[{"embeddable":true,"href":"https:\/\/www.bewegung-und-gesundheit.ch\/fr\/wp-json\/wp\/v2\/users\/1"}],"replies":[{"embeddable":true,"href":"https:\/\/www.bewegung-und-gesundheit.ch\/fr\/wp-json\/wp\/v2\/comments?post=129"}],"version-history":[{"count":1,"href":"https:\/\/www.bewegung-und-gesundheit.ch\/fr\/wp-json\/wp\/v2\/pages\/129\/revisions"}],"predecessor-version":[{"id":130,"href":"https:\/\/www.bewegung-und-gesundheit.ch\/fr\/wp-json\/wp\/v2\/pages\/129\/revisions\/130"}],"up":[{"embeddable":true,"href":"https:\/\/www.bewegung-und-gesundheit.ch\/fr\/wp-json\/wp\/v2\/pages\/123"}],"wp:attachment":[{"href":"https:\/\/www.bewegung-und-gesundheit.ch\/fr\/wp-json\/wp\/v2\/media?parent=129"}],"curies":[{"name":"wp","href":"https:\/\/api.w.org\/{rel}","templated":true}]}}