{"id":133,"date":"2023-09-05T14:56:40","date_gmt":"2023-09-05T14:56:40","guid":{"rendered":"https:\/\/www.bewegung-und-gesundheit.local\/?page_id=133"},"modified":"2025-09-10T07:35:32","modified_gmt":"2025-09-10T07:35:32","slug":"responsables-des-cantons","status":"publish","type":"page","link":"https:\/\/www.bewegung-und-gesundheit.ch\/fr\/formation\/cfc\/responsables-des-cantons\/","title":{"rendered":"Informations pour formateurs"},"content":{"rendered":"\n<h1 class=\"wp-block-heading\">Informations pour formateurs<\/h1>\n\n\n\n<p><\/p>\n\n\n\n<p><strong>Journ\u00e9e d`informations obligatoire pour formateurs: <span style=\"text-decoration: underline;\">mercredi, 17 septembre 2025<\/span><\/strong> (de 8h30 \u00e0 12h00 maximum)<\/p>\n\n\n\n<p>Centre professionnel du Littoral neuch\u00e2telois (CPLN),<br>Salle A 003<br>rez-de chauss\u00e9e du b\u00e2timent A<br>Maladi\u00e8re 84<br>Neuch\u00e2tel<\/p>\n\n\n\n<p>&nbsp;<\/p>\n\n\n\n<p><a href=\"https:\/\/www.bewegung-und-gesundheit.ch\/files\/pdf\/EFZ\/bipl_fachleute_bew_u_ges_f_franzsoesisch.pdf\">&#8211; Plan de formation 2019- Directives pour employeurs et formateurs<\/a><\/p>\n\n\n\n<p><a href=\"https:\/\/www.bewegung-und-gesundheit.ch\/files\/franzoesischeDokumente\/Betrieblicher Bildungsplan frnz.pdf\">&#8211; Plan de formation de l`entreprise<\/a><\/p>\n\n\n\n<p><a href=\"https:\/\/www.bewegung-und-gesundheit.ch\/files\/franzoesischeDokumente\/odastandardlehrplan_fachmann_frau_bew.u.ges.f_franz.pdf\">&#8211; Programme de formation standard<\/a><\/p>\n\n\n\n<p><a href=\"https:\/\/www.bewegung-und-gesundheit.ch\/files\/franzoesischeDokumente\/quickstart.pdf\">&#8211; Quickstart<\/a><\/p>\n\n\n\n<p>&nbsp;<\/p>\n\n\n\n<p><strong>Documents n\u00e9cessaires:<\/strong><\/p>\n\n\n\n<p><a href=\"https:\/\/www.bewegung-und-gesundheit.ch\/files\/franzoesischeDokumente\/tpeoriginalfranz.pdf\">&#8211; TPE: Convention\/appr\u00e9ciation du travail de projet en entreprise<\/a><\/p>\n\n\n\n<p><a href=\"https:\/\/www.bewegung-und-gesundheit.ch\/files\/franzoesischeDokumente\/staoriginalfranz.pdf\">&#8211; STA: Attribution de la note p. la situation de travail <\/a><\/p>\n\n\n\n<p><a href=\"https:\/\/www.bewegung-und-gesundheit.ch\/files\/franzoesischeDokumente\/leonssuivietdonn.pdf\">&#8211; Attestation de le\u00e7ons suivies et donn\u00e9es<\/a><\/p>\n\n\n\n<p><a href=\"https:\/\/www.bewegung-und-gesundheit.ch\/files\/franzoesischeDokumente\/directivesemployeursoriginalfranz2017_fr.pdf\">&#8211; Directives pour employeurs<\/a><\/p>\n\n\n\n<p><a href=\"https:\/\/www.bewegung-und-gesundheit.ch\/files\/franzoesischeDokumente\/Ponderation des notes - Notengewichtung.pdf\">&#8211; Pond\u00e9ration des notes<\/a><\/p>\n\n\n\n<p><a href=\"https:\/\/www.bewegung-und-gesundheit.ch\/files\/franzoesischeDokumente\/RAPPORT DE FORMATION.pdf\">&#8211; <\/a><a href=\"https:\/\/www.bewegung-und-gesundheit.ch\/files\/franzoesischeDokumente\/rapportformation_fr_2013_interaktiv.pdf\">Rapport de formation<\/a><\/p>\n\n\n\n<p><a href=\"https:\/\/www.bewegung-und-gesundheit.ch\/files\/franzoesischeDokumente\/odastandardlehrplan_fachmann_frau_bew.u.ges.f_franz.pdf\">&#8211; Programme de formation standard<\/a><\/p>\n\n\n\n<p><a href=\"https:\/\/www.bewegung-und-gesundheit.ch\/files\/franzoesischeDokumente\/D\u00e9roulement Formation.pdf\">&#8211; D\u00e9roulement de l `apprentissage<\/a><\/p>\n\n\n\n<p><a href=\"https:\/\/www.bewegung-und-gesundheit.ch\/files\/franzoesischeDokumente\/quickstart.pdf\">&#8211; Quickstart pour formateurs<\/a><\/p>\n\n\n\n<p><a href=\"https:\/\/www.bewegung-und-gesundheit.ch\/files\/franzoesischeDokumente\/Quickstart pour formateurs.pdf\"><\/a><\/p>\n\n\n\n<p><a href=\"https:\/\/www.bewegung-und-gesundheit.ch\/files\/franzoesischeDokumente\/Exemple TPE.pdf\">&#8211; Exemple TPE<\/a><\/p>\n\n\n\n<p><a href=\"https:\/\/www.bewegung-und-gesundheit.ch\/files\/franzoesischeDokumente\/Directives procedure qualification.pdf\">&#8211; Directives pour la proc\u00e9dure de qualification (PQ) des APAPS CFC<\/a><\/p>\n\n\n\n<p><a href=\"https:\/\/www.bewegung-und-gesundheit.ch\/files\/franzoesischeDokumente\/Contrat apprentissage.pdf\">&#8211; Contrat d`apprentissage<\/a><\/p>\n\n\n\n<p><a href=\"https:\/\/www.bewegung-und-gesundheit.ch\/files\/franzoesischeDokumente\/Inscription CPLN.pdf\">&#8211; Inscription \u00e9cole professionnelle<\/a><\/p>\n\n\n\n<p><a href=\"https:\/\/www.bewegung-und-gesundheit.ch\/files\/franzoesischeDokumente\/Brochure CPLN.pdf\">&#8211; Brochure CPLN<\/a><\/p>\n\n\n\n<p><a href=\"https:\/\/www.bewegung-und-gesundheit.ch\/files\/franzoesischeDokumente\/D\u00e9roulement de l\u2018apprentissage.pdf\"><\/a><\/p>\n\n\n\n<p>&nbsp;<\/p>\n\n\n\n<p><strong>Envoyer les documents (TPE, STA et Attestation de le\u00e7ons suivies et donn\u00e9es) \u00e0:<\/strong><\/p>\n\n\n\n<p>OdA Bewegung und GesundheitDachverband der Bewegungsberufe Schweiz<\/p>\n\n\n\n<p>Gesch\u00e4ftsstelle &#8211; 3000 Bern<\/p>\n\n\n\n<p>T\u00e9l.: 0848 000 423<\/p>\n\n\n\n<p>Fax: 0848 000 424<\/p>\n\n\n\n<p>ou \u00e0 info@bewegung-und-gesundheit.ch<\/p>\n\n\n\n<p>&nbsp;<\/p>\n\n\n\n<p><strong>Chef de l`apprentissage  Assistante\/Assistant en promotionde l`activit\u00e9 physique de la sant\u00e9 CFC<\/strong><\/p>\n\n\n\n<p>-Roland Steiner, chef du bureau,info@bewegung-und-gesundheit.ch<\/p>\n\n\n\n<p>&nbsp;<\/p>\n\n\n\n<p><strong>Responsable cours interentreprises<\/strong> <strong>et d`autres questions concernant la formation:<\/strong><\/p>\n\n\n\n<p>&#8211; Alain Amherd, a.amherd@sfgv.ch<\/p>\n\n\n\n<p>&nbsp;<\/p>\n\n\n\n<p><strong>Responsable d\u00e9lai TPE, STA, Attestation de le\u00e7on suivies et donn\u00e9es:<\/strong><\/p>\n\n\n\n<p>&#8211; Alain Amherd, a.amherd@sfgv.ch<\/p>\n\n\n\n<p>&nbsp;<\/p>\n\n\n\n<p><strong>Chef expert examens finaux:<\/strong><\/p>\n\n\n\n<p>Gregory Loeffel, Gregory.Loeffel@rpn.ch<\/p>\n\n\n\n<p>&nbsp;<\/p>\n\n\n\n<p><strong>Lieu de l`\u00e9cole et inscription:<\/strong><\/p>\n\n\n\n<p>Centre professionnel du Littoral neuch\u00e2telois (CPLN),<\/p>\n\n\n\n<p>Rue de la Maladi\u00e8re 84,Neuch\u00e2tel, 032 717 40 20<\/p>\n\n\n\n<p>&nbsp;<\/p>\n\n\n\n<p>Information et inscription: www.cpln.ch<\/p>\n\n\n\n<p>&nbsp;<\/p>\n\n\n\n<h1 class=\"wp-block-heading\"><span style=\"text-decoration: underline;\">Dates et lieu des cours interentreprises<\/span><\/h1>\n\n\n\n<p>voir sous \u00ab\u00a0Cours interentreprises\u00a0\u00bb!<\/p>\n\n\n\n<p><\/p>\n","protected":false},"excerpt":{"rendered":"<p>Informations pour formateurs Journ\u00e9e d`informations obligatoire pour formateurs: mercredi, 17 septembre 2025 (de 8h30 \u00e0 12h00 maximum) Centre professionnel du Littoral neuch\u00e2telois (CPLN),Salle A 003rez-de chauss\u00e9e du b\u00e2timent AMaladi\u00e8re 84Neuch\u00e2tel &nbsp; &#8211; Plan de formation 2019- Directives pour employeurs et formateurs &#8211; Plan de formation de l`entreprise &#8211; Programme de formation standard &#8211; Quickstart &nbsp; <a href=\"https:\/\/www.bewegung-und-gesundheit.ch\/fr\/formation\/cfc\/responsables-des-cantons\/\" class=\"more-link\">&#8230;<span class=\"screen-reader-text\">  Informations pour formateurs<\/span><\/a><\/p>\n","protected":false},"author":1,"featured_media":0,"parent":123,"menu_order":0,"comment_status":"closed","ping_status":"closed","template":"","meta":{"footnotes":""},"class_list":["post-133","page","type-page","status-publish","hentry"],"_links":{"self":[{"href":"https:\/\/www.bewegung-und-gesundheit.ch\/fr\/wp-json\/wp\/v2\/pages\/133","targetHints":{"allow":["GET"]}}],"collection":[{"href":"https:\/\/www.bewegung-und-gesundheit.ch\/fr\/wp-json\/wp\/v2\/pages"}],"about":[{"href":"https:\/\/www.bewegung-und-gesundheit.ch\/fr\/wp-json\/wp\/v2\/types\/page"}],"author":[{"embeddable":true,"href":"https:\/\/www.bewegung-und-gesundheit.ch\/fr\/wp-json\/wp\/v2\/users\/1"}],"replies":[{"embeddable":true,"href":"https:\/\/www.bewegung-und-gesundheit.ch\/fr\/wp-json\/wp\/v2\/comments?post=133"}],"version-history":[{"count":2,"href":"https:\/\/www.bewegung-und-gesundheit.ch\/fr\/wp-json\/wp\/v2\/pages\/133\/revisions"}],"predecessor-version":[{"id":406,"href":"https:\/\/www.bewegung-und-gesundheit.ch\/fr\/wp-json\/wp\/v2\/pages\/133\/revisions\/406"}],"up":[{"embeddable":true,"href":"https:\/\/www.bewegung-und-gesundheit.ch\/fr\/wp-json\/wp\/v2\/pages\/123"}],"wp:attachment":[{"href":"https:\/\/www.bewegung-und-gesundheit.ch\/fr\/wp-json\/wp\/v2\/media?parent=133"}],"curies":[{"name":"wp","href":"https:\/\/api.w.org\/{rel}","templated":true}]}}