{"id":135,"date":"2023-09-05T14:45:48","date_gmt":"2023-09-05T14:45:48","guid":{"rendered":"https:\/\/www.bewegung-und-gesundheit.local\/?page_id=135"},"modified":"2023-09-05T15:30:54","modified_gmt":"2023-09-05T15:30:54","slug":"brevet-federal","status":"publish","type":"page","link":"https:\/\/www.bewegung-und-gesundheit.ch\/fr\/formation\/brevet-federal\/","title":{"rendered":"Brevet f\u00e9d\u00e9ral"},"content":{"rendered":"\n<h1 class=\"wp-block-heading\">Brevet f\u00e9d\u00e9ral<\/h1>\n\n\n\n<p><strong>Ann\u00e9e 2017:<\/strong><\/p>\n\n\n\n<p><strong>Examens d`\u00e9t\u00e9 2017:<\/strong><br>Examens \u00e9crits:08\/09 juin 2017<br>Examens oraux: 21\/22\/23\/24 juin 2017<br>Localit\u00e9: Berne<br>D\u00e9lai d`inscription: 3 mars 2017<\/p>\n\n\n\n<p><strong>Examens d`hiver 2017:<\/strong><br>Examens \u00e9crits:23\/24 novembre 2017<br>Examens oraux: 6\/7\/8\/9 d\u00e9cembre 2017<br>D\u00e9lai d?inscription: 25 ao\u00fbt 2017<\/p>\n\n\n\n<p>Taxe d`examen: CHF 1500.00<br>Taxe d`examen pour personnes qui r\u00e9p\u00e8tent: CHF 1000.00<\/p>\n\n\n\n<p>Les centres membres de la FSCFS recevront l?ann\u00e9e suivante un remboursement de Fr. 200.&#8211; sur la c\u00f4tisation annuelle de membre.<\/p>\n\n\n\n<p><a href=\"https:\/\/www.bewegung-und-gesundheit.ch\/files\/franzoesischeDokumente\/prfungsordnung_franz._berufsprfung_spezialist_oda__bug_und_sfgv.pdf\">Neue Pr\u00fcfungsordnung Spezialist \/ Spezialistin Bewegungs- und Gesundheitsf\u00f6rderung ab 2018<\/a><\/p>\n\n\n\n<p><a href=\"https:\/\/www.bewegung-und-gesundheit.ch\/files\/franzoesischeDokumente\/wegleitung_franz._fachausweis_spezialist_oda_bug_und_sfgv.pdf\">Neue Wegleitung Spezialist \/ Spezialistin Bewegungs- und Gesundheitsf\u00f6rderung ab 2018<\/a><\/p>\n","protected":false},"excerpt":{"rendered":"<p>Brevet f\u00e9d\u00e9ral Ann\u00e9e 2017: Examens d`\u00e9t\u00e9 2017:Examens \u00e9crits:08\/09 juin 2017Examens oraux: 21\/22\/23\/24 juin 2017Localit\u00e9: BerneD\u00e9lai d`inscription: 3 mars 2017 Examens d`hiver 2017:Examens \u00e9crits:23\/24 novembre 2017Examens oraux: 6\/7\/8\/9 d\u00e9cembre 2017D\u00e9lai d?inscription: 25 ao\u00fbt 2017 Taxe d`examen: CHF 1500.00Taxe d`examen pour personnes qui r\u00e9p\u00e8tent: CHF 1000.00 Les centres membres de la FSCFS recevront l?ann\u00e9e suivante un remboursement <a href=\"https:\/\/www.bewegung-und-gesundheit.ch\/fr\/formation\/brevet-federal\/\" class=\"more-link\">&#8230;<span class=\"screen-reader-text\">  Brevet f\u00e9d\u00e9ral<\/span><\/a><\/p>\n","protected":false},"author":1,"featured_media":0,"parent":121,"menu_order":0,"comment_status":"closed","ping_status":"closed","template":"","meta":{"footnotes":""},"class_list":["post-135","page","type-page","status-publish","hentry"],"_links":{"self":[{"href":"https:\/\/www.bewegung-und-gesundheit.ch\/fr\/wp-json\/wp\/v2\/pages\/135","targetHints":{"allow":["GET"]}}],"collection":[{"href":"https:\/\/www.bewegung-und-gesundheit.ch\/fr\/wp-json\/wp\/v2\/pages"}],"about":[{"href":"https:\/\/www.bewegung-und-gesundheit.ch\/fr\/wp-json\/wp\/v2\/types\/page"}],"author":[{"embeddable":true,"href":"https:\/\/www.bewegung-und-gesundheit.ch\/fr\/wp-json\/wp\/v2\/users\/1"}],"replies":[{"embeddable":true,"href":"https:\/\/www.bewegung-und-gesundheit.ch\/fr\/wp-json\/wp\/v2\/comments?post=135"}],"version-history":[{"count":1,"href":"https:\/\/www.bewegung-und-gesundheit.ch\/fr\/wp-json\/wp\/v2\/pages\/135\/revisions"}],"predecessor-version":[{"id":136,"href":"https:\/\/www.bewegung-und-gesundheit.ch\/fr\/wp-json\/wp\/v2\/pages\/135\/revisions\/136"}],"up":[{"embeddable":true,"href":"https:\/\/www.bewegung-und-gesundheit.ch\/fr\/wp-json\/wp\/v2\/pages\/121"}],"wp:attachment":[{"href":"https:\/\/www.bewegung-und-gesundheit.ch\/fr\/wp-json\/wp\/v2\/media?parent=135"}],"curies":[{"name":"wp","href":"https:\/\/api.w.org\/{rel}","templated":true}]}}