{"id":142,"date":"2023-09-05T14:52:46","date_gmt":"2023-09-05T14:52:46","guid":{"rendered":"https:\/\/www.bewegung-und-gesundheit.local\/?page_id=142"},"modified":"2023-09-05T15:39:59","modified_gmt":"2023-09-05T15:39:59","slug":"ordonnance-de-lofft-par-du-sefri","status":"publish","type":"page","link":"https:\/\/www.bewegung-und-gesundheit.ch\/fr\/formation\/cfc\/ordonnance-de-lofft-par-du-sefri\/","title":{"rendered":"Ordonnance de l\u00b4OFFT par du SEFRI"},"content":{"rendered":"\n<h1 class=\"wp-block-heading\">Ordonnance de l\u00b4OFFT par du SEFRI<\/h1>\n\n\n\n<p>Dans le cadre de la r\u00e9vision quinquennale des ordonnances sur la formation, l\u2019ordonnance sur la formation a \u00e9t\u00e9 soumise \u00e0 une r\u00e9vision partielle. Vous pouvez vous procurer l\u2019ordonnance sur la formation ici:<\/p>\n\n\n\n<p>L\u2019ordonnance sur la formation est publi\u00e9e dans la liste des professions du SEFRI (all., fr., ita., voir <a href=\"https:\/\/www.becc.admin.ch\/becc\/public\/bvz\/beruf\/show\/85701\" target=\"_blank\" rel=\"noreferrer noopener\">lien<\/a>).<\/p>\n","protected":false},"excerpt":{"rendered":"<p>Ordonnance de l\u00b4OFFT par du SEFRI Dans le cadre de la r\u00e9vision quinquennale des ordonnances sur la formation, l\u2019ordonnance sur la formation a \u00e9t\u00e9 soumise \u00e0 une r\u00e9vision partielle. Vous pouvez vous procurer l\u2019ordonnance sur la formation ici: L\u2019ordonnance sur la formation est publi\u00e9e dans la liste des professions du SEFRI (all., fr., ita., voir <a href=\"https:\/\/www.bewegung-und-gesundheit.ch\/fr\/formation\/cfc\/ordonnance-de-lofft-par-du-sefri\/\" class=\"more-link\">&#8230;<span class=\"screen-reader-text\">  Ordonnance de l\u00b4OFFT par du SEFRI<\/span><\/a><\/p>\n","protected":false},"author":1,"featured_media":0,"parent":123,"menu_order":0,"comment_status":"closed","ping_status":"closed","template":"","meta":{"footnotes":""},"class_list":["post-142","page","type-page","status-publish","hentry"],"_links":{"self":[{"href":"https:\/\/www.bewegung-und-gesundheit.ch\/fr\/wp-json\/wp\/v2\/pages\/142","targetHints":{"allow":["GET"]}}],"collection":[{"href":"https:\/\/www.bewegung-und-gesundheit.ch\/fr\/wp-json\/wp\/v2\/pages"}],"about":[{"href":"https:\/\/www.bewegung-und-gesundheit.ch\/fr\/wp-json\/wp\/v2\/types\/page"}],"author":[{"embeddable":true,"href":"https:\/\/www.bewegung-und-gesundheit.ch\/fr\/wp-json\/wp\/v2\/users\/1"}],"replies":[{"embeddable":true,"href":"https:\/\/www.bewegung-und-gesundheit.ch\/fr\/wp-json\/wp\/v2\/comments?post=142"}],"version-history":[{"count":1,"href":"https:\/\/www.bewegung-und-gesundheit.ch\/fr\/wp-json\/wp\/v2\/pages\/142\/revisions"}],"predecessor-version":[{"id":143,"href":"https:\/\/www.bewegung-und-gesundheit.ch\/fr\/wp-json\/wp\/v2\/pages\/142\/revisions\/143"}],"up":[{"embeddable":true,"href":"https:\/\/www.bewegung-und-gesundheit.ch\/fr\/wp-json\/wp\/v2\/pages\/123"}],"wp:attachment":[{"href":"https:\/\/www.bewegung-und-gesundheit.ch\/fr\/wp-json\/wp\/v2\/media?parent=142"}],"curies":[{"name":"wp","href":"https:\/\/api.w.org\/{rel}","templated":true}]}}