{"id":204,"date":"2023-09-13T13:56:51","date_gmt":"2023-09-13T13:56:51","guid":{"rendered":"https:\/\/www.bewegung-und-gesundheit.ch\/?page_id=204"},"modified":"2023-09-27T15:41:13","modified_gmt":"2023-09-27T15:41:13","slug":"declaration-de-protection-des-donnees","status":"publish","type":"page","link":"https:\/\/www.bewegung-und-gesundheit.ch\/fr\/declaration-de-protection-des-donnees\/","title":{"rendered":"D\u00e9claration de protection des donn\u00e9es"},"content":{"rendered":"\n<p><strong>1. Protection des donn\u00e9es 31 ao\u00fbt 2023<\/strong><br>La pr\u00e9sente d\u00e9claration de protection des donn\u00e9es d\u00e9crit la mani\u00e8re dont nous collectons, traitons et utilisons des donn\u00e9es personnelles et \u00e0 quelles fins. Un traitement responsable des donn\u00e9es de notre client\u00e8le est tr\u00e8s important \u00e0 nos yeux. La pr\u00e9sente d\u00e9claration de protection des donn\u00e9es s\u2019applique \u00e0 l\u2019utilisation de notre site web et des prestations que nous y proposons.<\/p>\n\n\n\n<p>Elle vous renseignera entre autres sur:<\/p>\n\n\n\n<ul class=\"wp-block-list\">\n<li>le type de donn\u00e9es personnelles que nous collectons et traitons;<\/li>\n\n\n\n<li>la finalit\u00e9 de l\u2019utilisation de vos donn\u00e9es personnelles;<\/li>\n\n\n\n<li>l\u2019utilit\u00e9 que le traitement de ces donn\u00e9es a pour vous;<\/li>\n\n\n\n<li>la dur\u00e9e du traitement de vos donn\u00e9es personnelles;<\/li>\n\n\n\n<li>les droits dont vous disposez concernant vos donn\u00e9es personnelles et<\/li>\n\n\n\n<li>la mani\u00e8re dont vous pouvez nous contacter.<\/li>\n<\/ul>\n\n\n\n<p>La collecte et le traitement de vos donn\u00e9es personnelles s\u2019effectuent dans le respect des lois et des exigences en vigueur en mati\u00e8re de protection des donn\u00e9es. Par ailleurs, le centre de fitness d\u00e9cline toute responsabilit\u00e9 lors de l\u2019utilisation de ce site web, dans les limites autoris\u00e9es par la loi.<\/p>\n\n\n\n<p>Notre centre de fitness ne propose ses prestations qu\u2019en Suisse et ne s\u2019adresse qu\u2019\u00e0 des personnes domicili\u00e9es en Suisse.<\/p>\n\n\n\n<p><strong>2. Responsable du traitement des donn\u00e9es<\/strong><br>Le responsable du traitement des donn\u00e9es au sens de la loi suisse sur la protection des donn\u00e9es (LPD) est:<\/p>\n\n\n\n<p><strong>OdA Bewegung und Gesundheit Dachverband der Bewegungsberufe Schweiz<\/strong><br>3000 Berne<br>0848 000 423<br><a href=\"mailto:info@sfgv.ch\">info@sfgv.ch<\/a><\/p>\n\n\n\n<p><strong>3. Collecte et traitement de donn\u00e9es personnelles<\/strong><\/p>\n\n\n\n<ul class=\"wp-block-list\">\n<li><strong>Utilisation du site web<\/strong><\/li>\n<\/ul>\n\n\n\n<p>Lorsque vous utilisez notre site web, nous collectons automatiquement des informations concernant l\u2019acc\u00e8s (p.&nbsp;ex.&nbsp; date et heure, pages consult\u00e9es, type de navigateur, syst\u00e8me d\u2019exploitation). Ces donn\u00e9es sont exclusivement utilis\u00e9es \u00e0 des fins statistiques ou pour am\u00e9liorer notre site web. Elles ne nous ne permettent pas d\u2019identifier de personnes pr\u00e9cises.<\/p>\n\n\n\n<p>Nous avons besoin de ces donn\u00e9es et informations pour pr\u00e9senter correctement notre site web, am\u00e9liorer ses contenus, assurer le bon fonctionnement \u00e0 long terme de notre infrastructure informatique et des aspects techniques du site ainsi que pour fournir, en cas de cyberattaque, des informations pertinentes aux autorit\u00e9s de poursuite p\u00e9nale. Les donn\u00e9es collect\u00e9es sont ensuite effac\u00e9es.<\/p>\n\n\n\n<ul class=\"wp-block-list\">\n<li><strong>Liens vers d\u2019autres sites web<\/strong><\/li>\n<\/ul>\n\n\n\n<p>Ce site web peut contenir des liens menant \u00e0 des sites web d\u2019autres fournisseurs. Notre centre de fitness n\u2019a aucune influence sur ces sites, leurs contenus, leurs offres et leur disponibilit\u00e9 ou les d\u00e9clarations et dispositions de protection des donn\u00e9es qui leur sont applicables. Nous d\u00e9clinons par cons\u00e9quent toute responsabilit\u00e9 dans les limites autoris\u00e9es par la loi.<\/p>\n\n\n\n<ul class=\"wp-block-list\">\n<li><strong>Cookies et autres offres de services<\/strong><\/li>\n<\/ul>\n\n\n\n<p>Notre centre de fitness utilise \u00e9galement des cookies sur son site web. Les cookies sont de petits fichiers de texte poss\u00e9dant un identifiant unique, qui sert \u00e0 relier des pages web et des serveurs \u00e0 un navigateur Internet pr\u00e9cis. Cet identifiant permet de reconna\u00eetre et d\u2019identifier le navigateur Internet. Nous attirons votre attention sur le fait que, conform\u00e9ment \u00e0 l\u2019art. 45c let. b LTC, vous avez la possibilit\u00e9 d\u2019emp\u00eacher le chargement de cookies dans votre navigateur. Veuillez suivre pour ce faire les instructions de votre fournisseur.<\/p>\n\n\n\n<p>Vous trouverez des informations compl\u00e9mentaires sur les cookies utilis\u00e9s \u00e0 la fin de la pr\u00e9sente d\u00e9claration de protection des donn\u00e9es.<\/p>\n\n\n\n<ul class=\"wp-block-list\">\n<li><strong>M\u00e9dias et r\u00e9seaux sociaux<\/strong><\/li>\n<\/ul>\n\n\n\n<p>Ce site web peut contenir des boutons (\u00abextensions de m\u00e9dias sociaux\u00bb) permettant d\u2019acc\u00e9der aux serveurs de r\u00e9seaux sociaux (Facebook, Twitter, Instagram, etc.). En cliquant sur ces boutons, vous consentez \u00e0 ce que des donn\u00e9es essentielles, se rapportant p. ex. \u00e0 votre adresse IP ou \u00e0 votre consultation du site web, soient transmises \u00e0 l\u2019exploitant du r\u00e9seau social concern\u00e9. Le traitement de vos donn\u00e9es personnelles rel\u00e8ve ensuite de la responsabilit\u00e9 de cet exploitant, conform\u00e9ment \u00e0 ses dispositions en mati\u00e8re de protection des donn\u00e9es. Nous ne recevons aucune information \u00e0 votre sujet de sa part.<\/p>\n\n\n\n<ul class=\"wp-block-list\">\n<li><strong>Prise de contact<\/strong><\/li>\n<\/ul>\n\n\n\n<p>Le site web de notre centre de fitness contient certaines informations, et notamment une adresse e-mail g\u00e9n\u00e9rale, qui permettent une prise de contact \u00e9lectronique rapide ainsi qu\u2019une communication directe. Si vous prenez contact avec nous au moyen des possibilit\u00e9s de communication propos\u00e9es sur notre site web, vos coordonn\u00e9es et vos contenus ne seront utilis\u00e9s que pour traiter votre demande et y r\u00e9pondre.<\/p>\n\n\n\n<p>Si vous nous contactez au moyen du formulaire de contact, par e-mail ou par un autre moyen, nous enregistrons et traitons les donn\u00e9es personnelles que vous nous fournissez (p. ex. nom, adresse e-mail, num\u00e9ro de t\u00e9l\u00e9phone) pour traiter votre demande et vos \u00e9ventuelles questions ult\u00e9rieures.<\/p>\n\n\n\n<p><strong>4. Finalit\u00e9s du traitement des donn\u00e9es<\/strong><br>Nous utilisons les donn\u00e9es personnelles que nous avons re\u00e7ues ou collect\u00e9es en premier lieu pour ex\u00e9cuter les contrats que nous avons pass\u00e9s avec les clients et les partenaires commerciaux de notre centre de fitness. Nous traitons par ailleurs ces donn\u00e9es afin de d\u00e9velopper nos offres, de communiquer avec des tiers, de nous livrer \u00e0 des activit\u00e9s de publicit\u00e9 et de marketing ainsi que d\u2019assurer la s\u00e9curit\u00e9 de nos installations et des transactions commerciales. Nous traitons \u00e9galement des donn\u00e9es personnelles pour respecter nos obligations juridiques et \u00e9viter les infractions. Si vous \u00eates en lien avec nous dans l\u2019une ou l\u2019autre de ces fonctions, vos donn\u00e9es personnelles peuvent \u00e9galement \u00eatre concern\u00e9es.<\/p>\n\n\n\n<p><strong>5. Communication de donn\u00e9es \u00e0 des tiers<\/strong><\/p>\n\n\n\n<p>Nous ne communiquons de donn\u00e9es personnelles \u00e0 des tiers que si l\u2019ex\u00e9cution de nos obligations contractuelles ou des dispositions l\u00e9gales l\u2019exigent. Ces prestataires traitent g\u00e9n\u00e9ralement des donn\u00e9es personnelles pour notre compte en tant que \u00absous-traitants\u00bb. Nos sous-traitants sont tenus de traiter les donn\u00e9es personnelles exclusivement selon nos instructions et de prendre des mesures appropri\u00e9es pour assurer la s\u00e9curit\u00e9 des donn\u00e9es. Certains prestataires sont \u00e9galement responsables conjointement avec nous ou ind\u00e9pendamment (p. ex. les entreprises de recouvrement). Par le choix de nos prestataires et gr\u00e2ce \u00e0 des accords contractuels appropri\u00e9s, nous garantissons que vos donn\u00e9es personnelles sont prot\u00e9g\u00e9es pendant tout le processus de leur traitement.<\/p>\n\n\n\n<p>Les services que nous fournissent nos sous-traitants sont p. ex. les suivants:<\/p>\n\n\n\n<ul class=\"wp-block-list\">\n<li>transport et logistique, p. ex. pour l\u2019exp\u00e9dition de marchandises command\u00e9es;<\/li>\n\n\n\n<li>services de publicit\u00e9 et de marketing, p. ex. pour l\u2019envoi de la newsletter;<\/li>\n\n\n\n<li>gestion d\u2019entreprise, p. ex. comptabilit\u00e9;<\/li>\n\n\n\n<li>services de paiement;<\/li>\n\n\n\n<li>informations sur la solvabilit\u00e9, p. ex. si vous souhaitez obtenir des prestations sur facture;<\/li>\n\n\n\n<li>services de recouvrement;<\/li>\n\n\n\n<li>services informatiques, p. ex. h\u00e9bergement, services cloud, exp\u00e9dition d\u2019e-mails;<\/li>\n\n\n\n<li>services de conseil, p. ex. conseillers fiscaux, avocats.<\/li>\n<\/ul>\n\n\n\n<p><strong>6. S\u00e9curit\u00e9 des donn\u00e9es<\/strong><br>Nous prenons des mesures de s\u00e9curit\u00e9 techniques et organisationnelles appropri\u00e9es pour prot\u00e9ger vos donn\u00e9es personnelles contre toute destruction involontaire ou ill\u00e9gale, contre toute perte, modification, divulgation non autoris\u00e9e et contre tout acc\u00e8s non autoris\u00e9. Nous v\u00e9rifions r\u00e9guli\u00e8rement nos mesures de s\u00e9curit\u00e9 et les adaptons au progr\u00e8s technologique.<\/p>\n\n\n\n<p><strong>7. Vos droits<\/strong><br>Vous avez le droit d\u2019obtenir des renseignements sur les donn\u00e9es personnelles que nous d\u00e9tenons qui vous concernent. Vous avez en outre le droit de faire rectifier des donn\u00e9es inexactes et de faire bloquer ou effacer vos donn\u00e9es personnelles si aucune obligation de conservation l\u00e9gale ne s\u2019applique.<\/p>\n\n\n\n<p>Pour faire valoir vos droits, veuillez prendre contact avec le centre de fitness. Nous nous tenons \u00e0 votre disposition pour des informations compl\u00e9mentaires \u00e0 ce sujet.<\/p>\n\n\n\n<p><strong>8. Cookies et tra\u00e7age<\/strong><br>Les pr\u00e9sentes informations sur les cookies et les technologies similaires d\u00e9crivent comment et pourquoi nous collectons, traitons et utilisons des donn\u00e9es personnelles et d\u2019autres donn\u00e9es lors de l\u2019utilisation de nos sites web.<\/p>\n\n\n\n<p>Que sont les cookies et les technologies similaires?<\/p>\n\n\n\n<p>Les cookies sont des fichiers que votre navigateur enregistre automatiquement sur votre appareil lorsque vous consultez nos sites web. Ils contiennent un identifiant unique, qui nous permet de distinguer chaque utilisateur des autres, en g\u00e9n\u00e9ral toutefois sans l\u2019identifier. Selon la finalit\u00e9 de leur utilisation, les cookies contiennent des informations suppl\u00e9mentaires, qui peuvent p. ex. se rapporter aux pages consult\u00e9es et \u00e0 la dur\u00e9e de consultation des pages. Nous utilisons, d\u2019une part, des cookies de session, qui s\u2019effacent d\u00e8s la fermeture du navigateur, et d\u2019autre part des cookies permanents, qui restent enregistr\u00e9s pendant un certain temps apr\u00e8s la fermeture du navigateur (en g\u00e9n\u00e9ral, entre quelques jours et deux ans) et qui servent \u00e0 reconna\u00eetre les utilisateurs de nos sites web lors d\u2019une visite ult\u00e9rieure.<\/p>\n\n\n\n<p>Nous pouvons \u00e9galement recourir \u00e0 des technologies similaires, telles que les balises pixel, les empreintes digitales et autres, pour enregistrer des donn\u00e9es dans le navigateur. Les balises pixel sont de petites images g\u00e9n\u00e9ralement invisibles ou des codes de programme qui sont charg\u00e9s \u00e0 partir d\u2019un serveur et transmettent ainsi certaines informations \u00e0 l\u2019op\u00e9rateur du serveur, p. ex. si et quand un site web a \u00e9t\u00e9 consult\u00e9. Les empreintes digitales sont des informations sur la configuration de votre appareil ou de votre navigateur, collect\u00e9es lors de votre visite sur un site web et qui permettent de distinguer votre appareil des autres. La plupart des navigateurs utilisent encore d\u2019autres technologies de stockage de donn\u00e9es dans le navigateur, de mani\u00e8re similaire aux cookies, auxquelles nous sommes \u00e9galement susceptibles de recourir (p. ex. stockage web local).<\/p>\n\n\n\n<p><strong>Comment d\u00e9sactiver les cookies et les technologies similaires?<\/strong><br>Teilweise haben Sie beim Aufruf unserer Webseiten die M\u00f6glichkeit, \u00fcber eine im Browser angezeigte Schaltfl\u00e4che bestimmte Kategorien von Cookies zu aktivieren oder zu deaktivieren. Ferner k\u00f6nnen Sie Ihren Browser in den Einstellungen so konfigurieren, dass er bestimmte Cookies oder \u00e4hnliche Technologien blockiert oder bestehende Cookies und andere im Browser gespeicherte Daten l\u00f6scht. Sie k\u00f6nnen Ihren Browser auch mit Software (sog. \u00abPlug-Ins\u00bb) erweitern, die ein Tracking durch bestimmte Dritte sperrt. Mehr dazu finden Sie in den Hilfeseiten Ihres Browsers (meist unter dem Stichwort \u00abDatenschutz\u00bb). Bitte beachten Sie, dass unsere Webseiten allenfalls nicht mehr in vollem Umfang funktionieren, wenn Sie Cookies und \u00e4hnliche Technologien blockieren.<\/p>\n\n\n\n<p>Dans certains cas, lorsque vous consultez nos sites web, vous avez la possibilit\u00e9 d\u2019activer ou de d\u00e9sactiver certaines cat\u00e9gories de cookies au moyen d\u2019un bouton qui s\u2019affiche dans le navigateur. Vous pouvez \u00e9galement param\u00e9trer votre navigateur de sorte qu\u2019il bloque certains cookies ou technologies similaires ou qu\u2019il supprime des cookies existants et d\u2019autres donn\u00e9es qu\u2019il a enregistr\u00e9es. Vous pouvez aussi installer dans votre navigateur des extensions logicielles (\u00abplug-in\u00bb) qui bloquent le tra\u00e7age effectu\u00e9 par certains tiers. Vous trouverez davantage d\u2019informations \u00e0 ce sujet dans les pages d\u2019aide de votre navigateur (la plupart du temps avec le mot-cl\u00e9 \u00abprotection des donn\u00e9es\u00bb). Veuillez noter que le fonctionnement de nos sites web peut \u00eatre restreint si vous bloquez les cookies et les technologies similaires.<\/p>\n\n\n\n<p><strong>Cookies essentiels: <\/strong>les cookies essentiels sont indispensables \u00e0 l\u2019utilisation d\u2019un site web et de ses fonctionnalit\u00e9s. Ils vous permettent p. ex. de passer d\u2019une page \u00e0 l\u2019autre sans perdre les indications saisies dans un formulaire ou les produits plac\u00e9s dans un panier.<\/p>\n\n\n\n<p><strong>Cookies de performance:<\/strong> les cookies de performance recueillent des informations sur le mode d\u2019utilisation d\u2019un site web et nous permettent d\u2019effectuer des analyses pour d\u00e9terminer, p. ex., quelles pages sont les plus consult\u00e9es et comment les utilisateurs naviguent sur un site web. Ils servent \u00e0 simplifier et \u00e0 acc\u00e9l\u00e9rer la consultation du site web et, plus g\u00e9n\u00e9ralement, \u00e0 am\u00e9liorer sa convivialit\u00e9.<\/p>\n\n\n\n<p><strong>Cookies fonctionnels:<\/strong> les cookies fonctionnels nous permettent de proposer des fonctionnalit\u00e9s avanc\u00e9es et d\u2019afficher des contenus personnalis\u00e9s. Ils nous aident p. ex. \u00e0 enregistrer les informations d\u00e9j\u00e0 fournies (telles que le choix de la langue) ou \u00e0 vous proposer, sur la base des articles consult\u00e9s, des produits qui pourraient vous plaire.<\/p>\n\n\n\n<p><strong>Cookies de marketing: <\/strong>les cookies de marketing nous aident, nous et nos partenaires publicitaires, \u00e0 vous proposer sur nos sites web ou ceux de tiers de la publicit\u00e9 pour des produits ou des services qui pourraient vous int\u00e9resser ou \u00e0 afficher nos annonces publicitaires lorsque vous poursuivez votre navigation sur Internet apr\u00e8s avoir quitt\u00e9 nos sites web.<\/p>\n\n\n\n<p><strong>Google Analytics<\/strong><br>Deux des principaux prestataires tiers sont Google et Facebook. Vous trouverez des informations compl\u00e9mentaires \u00e0 leur sujet ci-apr\u00e8s. Les autres prestataires tiers traitent en g\u00e9n\u00e9ral les donn\u00e9es personnelles et autres de la m\u00eame mani\u00e8re.<\/p>\n\n\n\n<p>Nous utilisons Google Analytics, un service d\u2019analyse de Google. Google utilise des cookies et des technologies similaires pour obtenir certaines informations sur le comportement d\u2019un utilisateur sur le site web concern\u00e9 et sur l\u2019appareil utilis\u00e9 (tablette, PC, smartphone, etc.) (p. ex. le nombre de fois o\u00f9 vous avez ouvert notre site web, le nombre d\u2019achats effectu\u00e9s ou vos centres d\u2019int\u00e9r\u00eat, ainsi que des donn\u00e9es relatives \u00e0 l\u2019appareil que vous utilisez, telles que le syst\u00e8me d\u2019exploitation). Vous trouverez des informations compl\u00e9mentaires \u00e0 ce sujet en cliquant sur ce lien.<\/p>\n\n\n\n<p>Nous avons configur\u00e9 le service de telle mani\u00e8re que les adresses IP des utilisateurs des sites web de Google en Europe soient tronqu\u00e9es avant d\u2019\u00eatre transmises aux \u00c9tats-Unis, et qu\u2019elles ne permettent plus d\u2019identifier leurs propri\u00e9taires. Google nous fournit des rapports et, dans ce sens, il peut \u00eatre consid\u00e9r\u00e9 comme notre sous-traitant. Cependant, Google traite \u00e9galement certaines donn\u00e9es pour son propre compte. Dans certains cas, Google peut identifier les utilisateurs des sites web sur la base des donn\u00e9es collect\u00e9es et donc cr\u00e9er des profils personnels et relier les donn\u00e9es obtenues avec d\u2019\u00e9ventuels comptes Google d\u00e9tenus par ces personnes. Vous trouverez ici des informations sur la protection des donn\u00e9es de Google Analytics: <a rel=\"noreferrer noopener\" href=\"https:\/\/www.blog.google\/topics\/google-europe\/gdpr-europe-data-protection-rules\/\" target=\"_blank\">https:\/\/www.blog.google\/topics\/google-europe\/gdpr-europe-data-protection-rules\/<\/a><\/p>\n\n\n\n<p><strong>9. Modifications<\/strong><br>La pr\u00e9sente d\u00e9claration de protection des donn\u00e9es peut \u00eatre modifi\u00e9e en tout temps sans pr\u00e9avis. La version actuelle publi\u00e9e sur notre site web fait toujours foi. Si cette d\u00e9claration de protection des donn\u00e9es fait partie d\u2019un contrat conclu avec vous, nous vous informerons des modifications effectu\u00e9es par e-mail ou par tout autre moyen appropri\u00e9.<\/p>\n","protected":false},"excerpt":{"rendered":"<p>1. Protection des donn\u00e9es 31 ao\u00fbt 2023La pr\u00e9sente d\u00e9claration de protection des donn\u00e9es d\u00e9crit la mani\u00e8re dont nous collectons, traitons et utilisons des donn\u00e9es personnelles et \u00e0 quelles fins. Un traitement responsable des donn\u00e9es de notre client\u00e8le est tr\u00e8s important \u00e0 nos yeux. La pr\u00e9sente d\u00e9claration de protection des donn\u00e9es s\u2019applique \u00e0 l\u2019utilisation de notre <a href=\"https:\/\/www.bewegung-und-gesundheit.ch\/fr\/declaration-de-protection-des-donnees\/\" class=\"more-link\">&#8230;<span class=\"screen-reader-text\">  D\u00e9claration de protection des donn\u00e9es<\/span><\/a><\/p>\n","protected":false},"author":1,"featured_media":0,"parent":0,"menu_order":0,"comment_status":"closed","ping_status":"closed","template":"","meta":{"footnotes":""},"class_list":["post-204","page","type-page","status-publish","hentry"],"_links":{"self":[{"href":"https:\/\/www.bewegung-und-gesundheit.ch\/fr\/wp-json\/wp\/v2\/pages\/204","targetHints":{"allow":["GET"]}}],"collection":[{"href":"https:\/\/www.bewegung-und-gesundheit.ch\/fr\/wp-json\/wp\/v2\/pages"}],"about":[{"href":"https:\/\/www.bewegung-und-gesundheit.ch\/fr\/wp-json\/wp\/v2\/types\/page"}],"author":[{"embeddable":true,"href":"https:\/\/www.bewegung-und-gesundheit.ch\/fr\/wp-json\/wp\/v2\/users\/1"}],"replies":[{"embeddable":true,"href":"https:\/\/www.bewegung-und-gesundheit.ch\/fr\/wp-json\/wp\/v2\/comments?post=204"}],"version-history":[{"count":2,"href":"https:\/\/www.bewegung-und-gesundheit.ch\/fr\/wp-json\/wp\/v2\/pages\/204\/revisions"}],"predecessor-version":[{"id":209,"href":"https:\/\/www.bewegung-und-gesundheit.ch\/fr\/wp-json\/wp\/v2\/pages\/204\/revisions\/209"}],"wp:attachment":[{"href":"https:\/\/www.bewegung-und-gesundheit.ch\/fr\/wp-json\/wp\/v2\/media?parent=204"}],"curies":[{"name":"wp","href":"https:\/\/api.w.org\/{rel}","templated":true}]}}